{"id":426,"date":"2018-03-14T20:07:56","date_gmt":"2018-03-14T19:07:56","guid":{"rendered":"http:\/\/action-allaitement67.fr\/?page_id=426"},"modified":"2018-05-25T13:26:02","modified_gmt":"2018-05-25T11:26:02","slug":"adherer","status":"publish","type":"page","link":"https:\/\/action-allaitement67.fr\/?page_id=426","title":{"rendered":"adherer"},"content":{"rendered":"<p>Vous souhaitez adh\u00e9rer ou faire un don ? Merci de t\u00e9l\u00e9charger ce formulaire et nous l&rsquo;envoyer \u00e0 l&rsquo;adresse indiqu\u00e9e.<\/p>\n<p>T\u00e9l\u00e9chargez le formulaire en <a href=\"http:\/\/action-allaitement67.fr\/wp-content\/uploads\/2018\/05\/REJOIGNEZ-APA-OU-FAITES-UN-DON.pdf\">cliquant ici<\/a>.<\/p>\n","protected":false},"excerpt":{"rendered":"<p>Vous souhaitez adh\u00e9rer ou faire un don ? Merci de t\u00e9l\u00e9charger ce formulaire et nous l&rsquo;envoyer \u00e0 l&rsquo;adresse indiqu\u00e9e. T\u00e9l\u00e9chargez le formulaire en cliquant ici.<\/p>\n","protected":false},"author":1,"featured_media":0,"parent":102,"menu_order":0,"comment_status":"closed","ping_status":"closed","template":"","meta":{"footnotes":""},"_links":{"self":[{"href":"https:\/\/action-allaitement67.fr\/index.php?rest_route=\/wp\/v2\/pages\/426"}],"collection":[{"href":"https:\/\/action-allaitement67.fr\/index.php?rest_route=\/wp\/v2\/pages"}],"about":[{"href":"https:\/\/action-allaitement67.fr\/index.php?rest_route=\/wp\/v2\/types\/page"}],"author":[{"embeddable":true,"href":"https:\/\/action-allaitement67.fr\/index.php?rest_route=\/wp\/v2\/users\/1"}],"replies":[{"embeddable":true,"href":"https:\/\/action-allaitement67.fr\/index.php?rest_route=%2Fwp%2Fv2%2Fcomments&post=426"}],"version-history":[{"count":5,"href":"https:\/\/action-allaitement67.fr\/index.php?rest_route=\/wp\/v2\/pages\/426\/revisions"}],"predecessor-version":[{"id":489,"href":"https:\/\/action-allaitement67.fr\/index.php?rest_route=\/wp\/v2\/pages\/426\/revisions\/489"}],"up":[{"embeddable":true,"href":"https:\/\/action-allaitement67.fr\/index.php?rest_route=\/wp\/v2\/pages\/102"}],"wp:attachment":[{"href":"https:\/\/action-allaitement67.fr\/index.php?rest_route=%2Fwp%2Fv2%2Fmedia&parent=426"}],"curies":[{"name":"wp","href":"https:\/\/api.w.org\/{rel}","templated":true}]}}