{"id":107,"date":"2017-07-06T15:30:54","date_gmt":"2017-07-06T13:30:54","guid":{"rendered":"http:\/\/action-allaitement67.fr\/?page_id=107"},"modified":"2024-01-09T13:34:23","modified_gmt":"2024-01-09T12:34:23","slug":"liens-utiles","status":"publish","type":"page","link":"https:\/\/action-allaitement67.fr\/?page_id=107","title":{"rendered":"Notre r\u00e9seau"},"content":{"rendered":"<p style=\"margin-bottom: 0.0001pt;\">Action pour l\u2019Allaitement est une association de droit local, qui a \u00e9t\u00e9 cr\u00e9\u00e9e dans le\u00a0Bas-Rhin et qui agit en Alsace, certes, mais elle fait partie d&rsquo;autres r\u00e9seaux\u00a0et organismes de protection de l\u2019Allaitement Maternel.<\/p>\n<p style=\"margin-bottom: 0.0001pt;\"><u>1) en France\u00a0:<\/u> Action pour l\u2019Allaitement soutient\u00a0 la <b>CoFAM<\/b>\u00a0(Coordination\u00a0Fran\u00e7aise de l\u2019Allaitement Maternel) qui f\u00e9d\u00e8re les associations de soutien de\u00a0toute la France ainsi que la Leche League.<\/p>\n<p style=\"margin-bottom: 0.0001pt;\">Site CoFAM : <a href=\"https:\/\/cofam-allaitement.org\">www.cofam-allaitement.org\u00a0<\/a><\/p>\n<p>Site Leche League :\u00a0<a href=\"https:\/\/www.lllfrance.org\/\">www.lllfrance.org\/<\/a><\/p>\n<p style=\"margin-bottom: 0.0001pt;\"><u>2) dans le monde\u00a0:<\/u> Action pour l\u2019Allaitement soutient l\u2019<b>Alliance\u00a0Mondiale pour l\u2019Allaitement Maternel (WABA., World Alliance for Breastfeeding\u00a0Action)<\/b><\/p>\n<p style=\"margin-bottom: 0.0001pt;\"><a href=\"http:\/\/waba.org.my\/about-waba\/\">http:\/\/waba.org.my\/about-waba\/<\/a><\/p>\n<p style=\"margin-bottom: 0.0001pt;\">Chaque ann\u00e9e depuis 1992 WABA initie le th\u00e8me de la Semaine Mondiale de l\u2019Allaitement\u00a0Maternel ( S.M.A.M.).<\/p>\n<p style=\"margin-bottom: 0.0001pt;\"><span style=\"color: black;\">En 2017, cette semaine de mobilisation autour de\u00a0l&rsquo;allaitement aura lieu en France du 15 au 22 octobre sur le th\u00e8me\u00a0:<\/span><\/p>\n<p style=\"margin-bottom: 0.0001pt;\"><span style=\"color: black;\">\u00ab\u00a0Ensemble, prot\u00e9geons l&rsquo;allaitement, loin des\u00a0conflits d&rsquo;int\u00e9r\u00eats\u00a0\u00bb<\/span><\/p>\n<p style=\"margin-bottom: 0.0001pt;\"><span style=\"color: black;\">Site\u00a0: <a href=\"http:\/\/worldbreastfeedingweek.org\/\">http:\/\/worldbreastfeedingweek.org<\/a><br \/>\n<\/span><\/p>\n<p style=\"margin-bottom: 0.0001pt;\">3) Voici d&rsquo;autres liens utiles\u00a0:<\/p>\n<p style=\"margin-bottom: 0.0001pt;\"><b>&#8211; Les 12 recommandations de l\u2019UNICEF aux maternit\u00e9s en faveur d\u2019un allaitement maternel r\u00e9ussi \u2013 Juin 2016 <\/b><\/p>\n<p style=\"margin-bottom: 0.0001pt;\"><a href=\"https:\/\/amis-des-bebes.fr\/pdf\/12-recommandations-IHAB.pdf\"><b>https:\/\/amis-des-bebes.fr\/pdf\/12-recommandations-IHAB.pdf<\/b><\/a><\/p>\n<p style=\"margin-bottom: 0.0001pt;\"><b>&#8211; l&rsquo;Initiative H\u00f4pitaux Amis des b\u00e9b\u00e9s ( I.H.A.B.) lanc\u00e9e par l\u2019UNICEF\u00a0:<\/b><\/p>\n<p style=\"margin-bottom: 0.0001pt;\"><a href=\"https:\/\/i-hab.fr\/vous-etes-parents\/\">https:\/\/amis-des-bebes.fr<\/a><\/p>\n<p style=\"margin-bottom: 0.0001pt;\">Vous trouverez la liste des h\u00f4pitaux amis des b\u00e9b\u00e9s en France <span style=\"color: maroon;\">ici \/sur cette page\u00a0<\/span>:<\/p>\n<p style=\"margin-bottom: 0.0001pt;\"><b>&#8211; l&rsquo;OMS, l&rsquo;Organisation mondiale de la sant\u00e9<\/b><\/p>\n<p><a href=\"https:\/\/www.who.int\/fr\/health-topics\/breastfeeding#tab=tab_1\">https:\/\/www.who.int\/fr\/health-topics\/breastfeeding#tab=tab_1<\/a><\/p>\n<p style=\"margin-bottom: 0.0001pt;\"><b>&#8211; l&rsquo;UNICEF<\/b><\/p>\n<p style=\"margin-bottom: 0.0001pt;\"><a href=\"https:\/\/www.unicef.org\/parenting\/fr\/nourriture-nutrition\/allaitement\">https:\/\/www.unicef.org\/parenting\/fr\/nourriture-nutrition\/allaitement<\/a><\/p>\n<p style=\"margin-bottom: 0.0001pt;\"><b>&#8211; Sant\u00e9 Publique France : le Guide de l\u2019Allaitement maternel 2023<\/b><\/p>\n<p><a href=\"https:\/\/www.santepubliquefrance.fr\/determinants-de-sante\/nutrition-et-activite-physique\/documents\/brochure\/le-guide-de-l-allaitement-maternel\">https:\/\/www.santepubliquefrance.fr\/determinants-de-sante\/nutrition-et-activite-physique\/documents\/brochure\/le-guide-de-l-allaitement-maternel<\/a><\/p>\n<p style=\"margin-bottom: 0.0001pt;\">&#8211; Le site\u00a0suisse <a href=\"http:\/\/www.stillfoerderung.ch\/\">http:\/\/www.stillfoerderung.ch\/\u00a0<\/a>a une version fran\u00e7aise\u00a0:<\/p>\n<p style=\"margin-bottom: 0.0001pt;\">\u00ab\u00a0<b>Promotion allaitement maternel suisse\u00a0\u00bb<\/b><\/p>\n<p style=\"margin-bottom: 0.0001pt;\">Des films sur l\u2019allaitement sont disponibles en ligne : <a href=\"http:\/\/www.stillfoerderung.ch\/logicio\/pmws\/stillen__root_3_4__fr.html\">http:\/\/www.stillfoerderung.ch\/logicio\/pmws\/stillen__root_3_4__fr.html<\/a><\/p>\n<p>A noter qu&rsquo;une application gratuite pour smartphone de lieux o\u00f9 allaiter tranquillement si vous voyagez en Suisse etc.<\/p>\n<p><a href=\"http:\/\/www.stillfoerderung.ch\/logicio\/pmws\/stillen__unterwegs__fr.html\">http:\/\/www.stillfoerderung.ch\/logicio\/pmws\/stillen__unterwegs__fr.html<\/a><\/p>\n<p><a href=\"http:\/\/mamamap.ch\/?home\">http:\/\/mamamap.ch\/?home<\/a><\/p>\n<p><strong>L\u2019association des Lactarium de France<\/strong><\/p>\n<p><a href=\"https:\/\/association-des-lactariums-de-france.fr\/\"> https:\/\/association-des-lactariums-de-france.fr\/<\/a><\/p>\n<p style=\"margin-bottom: 0.0001pt;\"><b><span lang=\"EN-US\">l&rsquo;I.B.F.A.N<\/span><\/b> <span lang=\"EN-US\">(International Baby Food Action<br \/>\nNetwork ) (en anglais)\u00a0<\/span>organisation non gouvernementale mais reconnue par les agences des Nations Unies<\/p>\n<p style=\"margin-bottom: 0.0001pt;\"><a href=\"http:\/\/www.ibfan.org\/\">www.ibfan.org<\/a><\/p>\n","protected":false},"excerpt":{"rendered":"<p>Action pour l\u2019Allaitement est une association de droit local, qui a \u00e9t\u00e9 cr\u00e9\u00e9e dans le\u00a0Bas-Rhin et qui agit en Alsace, certes, mais elle fait partie d&rsquo;autres r\u00e9seaux\u00a0et organismes de protection de l\u2019Allaitement Maternel. 1) en France\u00a0: Action pour l\u2019Allaitement soutient\u00a0 la CoFAM\u00a0(Coordination\u00a0Fran\u00e7aise de l\u2019Allaitement Maternel) qui f\u00e9d\u00e8re les associations de soutien de\u00a0toute la France ainsi [&hellip;]<\/p>\n","protected":false},"author":1,"featured_media":0,"parent":0,"menu_order":7,"comment_status":"closed","ping_status":"closed","template":"","meta":{"footnotes":""},"_links":{"self":[{"href":"https:\/\/action-allaitement67.fr\/index.php?rest_route=\/wp\/v2\/pages\/107"}],"collection":[{"href":"https:\/\/action-allaitement67.fr\/index.php?rest_route=\/wp\/v2\/pages"}],"about":[{"href":"https:\/\/action-allaitement67.fr\/index.php?rest_route=\/wp\/v2\/types\/page"}],"author":[{"embeddable":true,"href":"https:\/\/action-allaitement67.fr\/index.php?rest_route=\/wp\/v2\/users\/1"}],"replies":[{"embeddable":true,"href":"https:\/\/action-allaitement67.fr\/index.php?rest_route=%2Fwp%2Fv2%2Fcomments&post=107"}],"version-history":[{"count":9,"href":"https:\/\/action-allaitement67.fr\/index.php?rest_route=\/wp\/v2\/pages\/107\/revisions"}],"predecessor-version":[{"id":1266,"href":"https:\/\/action-allaitement67.fr\/index.php?rest_route=\/wp\/v2\/pages\/107\/revisions\/1266"}],"wp:attachment":[{"href":"https:\/\/action-allaitement67.fr\/index.php?rest_route=%2Fwp%2Fv2%2Fmedia&parent=107"}],"curies":[{"name":"wp","href":"https:\/\/api.w.org\/{rel}","templated":true}]}}