{"id":104,"date":"2017-07-06T15:30:51","date_gmt":"2017-07-06T13:30:51","guid":{"rendered":"http:\/\/action-allaitement67.fr\/?page_id=104"},"modified":"2021-04-05T14:22:46","modified_gmt":"2021-04-05T12:22:46","slug":"permanence-telephonique","status":"publish","type":"page","link":"https:\/\/action-allaitement67.fr\/?page_id=104","title":{"rendered":"Permanence t\u00e9l\u00e9phonique tous les jours de 9 h \u00e0 21 h"},"content":{"rendered":"<p>&nbsp;<\/p>\n<p style=\"margin-bottom: 0.0001pt; text-align: justify;\"><span style=\"background-color: white;\">Une \u00e9quipe de r\u00e9pondantes se relaie sur la semaine, en\u00a0journ\u00e9e et en soir\u00e9e.\u00a0<\/span><span style=\"background-color: white;\">Ces \u00e9changes se d\u00e9roulent dans le respect de\u00a0l\u2019anonymat.<\/span><\/p>\n<p style=\"margin-bottom: 0.0001pt; text-align: justify;\"><span style=\"background-color: white;\">Pour obtenir le num\u00e9ro de la maman qui assure la\u00a0permanence, consulter l&rsquo;agenda\u00a0en cliquant <a href=\"http:\/\/action-allaitement67.fr\/?page_id=106\">ici<\/a><b>.<\/b><\/span><\/p>\n<p style=\"margin-bottom: 0.0001pt; text-align: justify;\"><span style=\"background-color: white;\">En cas d&rsquo;appel hors des cr\u00e9neaux propos\u00e9s et assur\u00e9s\u00a0en direct, vous avez la possibilit\u00e9 de d\u00e9poser un message sur un r\u00e9pondeur\u00a0t\u00e9l\u00e9phonique, au num\u00e9ro <span style=\"font-size: 14pt;\">03 88 27 31 72.<\/span><\/span><\/p>\n<p style=\"margin-bottom: 0.0001pt; text-align: justify;\"><span style=\"background-color: white;\">Vous serez rappel\u00e9 par un membre d\u2019Action pour\u00a0l\u2019Allaitement dans un d\u00e9lai de moins de 24 h.<\/span><\/p>\n<p>&nbsp;<\/p>\n","protected":false},"excerpt":{"rendered":"<p>&nbsp; Une \u00e9quipe de r\u00e9pondantes se relaie sur la semaine, en\u00a0journ\u00e9e et en soir\u00e9e.\u00a0Ces \u00e9changes se d\u00e9roulent dans le respect de\u00a0l\u2019anonymat. Pour obtenir le num\u00e9ro de la maman qui assure la\u00a0permanence, consulter l&rsquo;agenda\u00a0en cliquant ici. En cas d&rsquo;appel hors des cr\u00e9neaux propos\u00e9s et assur\u00e9s\u00a0en direct, vous avez la possibilit\u00e9 de d\u00e9poser un message sur un [&hellip;]<\/p>\n","protected":false},"author":1,"featured_media":0,"parent":102,"menu_order":4,"comment_status":"closed","ping_status":"closed","template":"","meta":{"footnotes":""},"_links":{"self":[{"href":"https:\/\/action-allaitement67.fr\/index.php?rest_route=\/wp\/v2\/pages\/104"}],"collection":[{"href":"https:\/\/action-allaitement67.fr\/index.php?rest_route=\/wp\/v2\/pages"}],"about":[{"href":"https:\/\/action-allaitement67.fr\/index.php?rest_route=\/wp\/v2\/types\/page"}],"author":[{"embeddable":true,"href":"https:\/\/action-allaitement67.fr\/index.php?rest_route=\/wp\/v2\/users\/1"}],"replies":[{"embeddable":true,"href":"https:\/\/action-allaitement67.fr\/index.php?rest_route=%2Fwp%2Fv2%2Fcomments&post=104"}],"version-history":[{"count":6,"href":"https:\/\/action-allaitement67.fr\/index.php?rest_route=\/wp\/v2\/pages\/104\/revisions"}],"predecessor-version":[{"id":872,"href":"https:\/\/action-allaitement67.fr\/index.php?rest_route=\/wp\/v2\/pages\/104\/revisions\/872"}],"up":[{"embeddable":true,"href":"https:\/\/action-allaitement67.fr\/index.php?rest_route=\/wp\/v2\/pages\/102"}],"wp:attachment":[{"href":"https:\/\/action-allaitement67.fr\/index.php?rest_route=%2Fwp%2Fv2%2Fmedia&parent=104"}],"curies":[{"name":"wp","href":"https:\/\/api.w.org\/{rel}","templated":true}]}}