{"id":103,"date":"2017-07-06T15:30:50","date_gmt":"2017-07-06T13:30:50","guid":{"rendered":"http:\/\/action-allaitement67.fr\/?page_id=103"},"modified":"2026-01-12T15:49:41","modified_gmt":"2026-01-12T14:49:41","slug":"nos-points-de-rendez-vous","status":"publish","type":"page","link":"https:\/\/action-allaitement67.fr\/?page_id=103","title":{"rendered":"Nos points de rendez-vous"},"content":{"rendered":"<p style=\"margin-bottom: 0.0001pt; text-align: left;\"><span style=\"background-color: white;\">Ces rendez-vous ont lieu une fois par mois.\u00a0<\/span><span style=\"background-color: white;\">La participation est libre et sans inscription\u00a0pr\u00e9alable.\u00a0<\/span><span style=\"background-color: white;\">Vous pouvez venir avec votre b\u00e9b\u00e9 et arriver \u00e0\u00a0n&rsquo;importe quel moment de la plage horaire indiqu\u00e9e.<\/span><\/p>\n<h2>Les diff\u00e9rents points de rendez-vous:<!--[endif]--><\/h2>\n<p>Nous vous donnons rendez-vous au Centre Socio Culturel de l&rsquo;A.R.E.S. Strasbourg Esplanade<\/p>\n<p>10 rue d&rsquo;Ankara<\/p>\n<p>Le lundi 9 f\u00e9vrier et le lundi 9 mars de 9h30 \u00e0 11h<\/p>\n<p>Pour une projection comment\u00e9e du diaporama \u00ab\u00a0<strong> Les cl\u00e9s de l&rsquo;allaitement de la premi\u00e8re t\u00e9t\u00e9e jusqu&rsquo;au sevrage\u00a0\u00bb<\/strong><\/p>\n<p>Pour plus d&rsquo;information : 03 88 27 31 72<\/p>\n<p>Au plaisir de vous rencontrer !<\/p>\n<h4><\/h4>\n<h5><a href=\"http:\/\/action-allaitement67.fr\/?page_id=106\">Cliquez pour\u00a0Consulter notre agenda Mensuel<\/a><\/h5>\n<p style=\"text-align: center;\">\n","protected":false},"excerpt":{"rendered":"<p>Ces rendez-vous ont lieu une fois par mois.\u00a0La participation est libre et sans inscription\u00a0pr\u00e9alable.\u00a0Vous pouvez venir avec votre b\u00e9b\u00e9 et arriver \u00e0\u00a0n&rsquo;importe quel moment de la plage horaire indiqu\u00e9e. Les diff\u00e9rents points de rendez-vous: Nous vous donnons rendez-vous au Centre Socio Culturel de l&rsquo;A.R.E.S. Strasbourg Esplanade 10 rue d&rsquo;Ankara Le lundi 9 f\u00e9vrier et le [&hellip;]<\/p>\n","protected":false},"author":1,"featured_media":0,"parent":102,"menu_order":3,"comment_status":"closed","ping_status":"closed","template":"","meta":{"footnotes":""},"_links":{"self":[{"href":"https:\/\/action-allaitement67.fr\/index.php?rest_route=\/wp\/v2\/pages\/103"}],"collection":[{"href":"https:\/\/action-allaitement67.fr\/index.php?rest_route=\/wp\/v2\/pages"}],"about":[{"href":"https:\/\/action-allaitement67.fr\/index.php?rest_route=\/wp\/v2\/types\/page"}],"author":[{"embeddable":true,"href":"https:\/\/action-allaitement67.fr\/index.php?rest_route=\/wp\/v2\/users\/1"}],"replies":[{"embeddable":true,"href":"https:\/\/action-allaitement67.fr\/index.php?rest_route=%2Fwp%2Fv2%2Fcomments&post=103"}],"version-history":[{"count":13,"href":"https:\/\/action-allaitement67.fr\/index.php?rest_route=\/wp\/v2\/pages\/103\/revisions"}],"predecessor-version":[{"id":1901,"href":"https:\/\/action-allaitement67.fr\/index.php?rest_route=\/wp\/v2\/pages\/103\/revisions\/1901"}],"up":[{"embeddable":true,"href":"https:\/\/action-allaitement67.fr\/index.php?rest_route=\/wp\/v2\/pages\/102"}],"wp:attachment":[{"href":"https:\/\/action-allaitement67.fr\/index.php?rest_route=%2Fwp%2Fv2%2Fmedia&parent=103"}],"curies":[{"name":"wp","href":"https:\/\/api.w.org\/{rel}","templated":true}]}}