{"id":101,"date":"2017-07-06T15:30:48","date_gmt":"2017-07-06T13:30:48","guid":{"rendered":"http:\/\/action-allaitement67.fr\/?page_id=101"},"modified":"2026-05-03T22:11:08","modified_gmt":"2026-05-03T20:11:08","slug":"action-pour-lallaitement","status":"publish","type":"page","link":"https:\/\/action-allaitement67.fr\/","title":{"rendered":"Accueil"},"content":{"rendered":"\n<p><\/p>\n\n\n<div class=\"art-content-layout-wrapper layout-item-0\">\n<div class=\"art-content-layout layout-item-1\">\n<div class=\"art-content-layout-row\">\n<div class=\"art-layout-cell layout-item-2\" style=\"width: 33%;\">\n<p style=\"text-align: center;\"><img decoding=\"async\" loading=\"lazy\" class=\"alignnone\" src=\"http:\/\/action-allaitement67.fr\/wp-content\/uploads\/2017\/07\/enceinte.png\" alt=\"D\u00e9couvrez l'allaitement avec Action pour l'allaitement\" width=\"128\" height=\"128\" \/><\/p>\n<h2 style=\"text-align: center;\">Vous attendez un b\u00e9b\u00e9 ?<\/h2>\n<p style=\"text-align: center;\"><a class=\"art-button\" href=\"http:\/\/action-allaitement67.fr\/?page_id=106\">Nous contacter<\/a><\/p>\n<\/div>\n<div class=\"art-layout-cell layout-item-2\" style=\"width: 34%;\">\n<p><img decoding=\"async\" loading=\"lazy\" class=\"aligncenter\" src=\"http:\/\/action-allaitement67.fr\/wp-content\/uploads\/2017\/07\/allaitement.png\" alt=\"Allaiter son enfant avec Action pour l'allaitement\" width=\"128\" height=\"128\" \/><\/p>\n<h2 style=\"text-align: center;\">Vous allaitez ?<\/h2>\n<p style=\"text-align: center;\"><a class=\"art-button\" href=\"http:\/\/action-allaitement67.fr\/?page_id=106\">Nous contacter<\/a><\/p>\n<\/div>\n<div class=\"art-layout-cell layout-item-3\" style=\"width: 33%;\">\n<p style=\"text-align: center;\"><img decoding=\"async\" loading=\"lazy\" class=\"alignnone\" src=\"http:\/\/action-allaitement67.fr\/wp-content\/uploads\/2017\/07\/sevrage.png\" alt=\"Sevrer son enfant avec Action pour l'allaitement\" width=\"128\" height=\"128\" \/><\/p>\n<h2 style=\"text-align: center;\">Vous sevrez votre b\u00e9b\u00e9 ?<\/h2>\n<p style=\"text-align: center;\"><a class=\"art-button\" href=\"http:\/\/action-allaitement67.fr\/?page_id=106\">Nous contacter<\/a><\/p>\n<\/div>\n<\/div>\n<\/div>\n<\/div>\n<div class=\"art-content-layout-wrapper layout-item-0\">\n<div class=\"art-content-layout layout-item-1\">\n<div class=\"art-content-layout-row\">\n<div class=\"art-layout-cell layout-item-4\" style=\"width: 100%;\">\n<h1><span style=\"color: #993366; font-family: 'comic sans ms', sans-serif;\"><span style=\"caret-color: #993366;\">Action pour l&rsquo;Allaitement a f\u00eat\u00e9 ses 40 ans en octobre 2024<\/span><\/span><\/h1>\n<p>Durant la S.M.A.M. (Semaine Mondiale de l&rsquo;Allaitement) au <strong>Centre Socio-culturel de l\u2019A.R.E.S<\/strong> \u00e0 Strasbourg (quartier de l\u2019Esplanade)<\/p>\n<p>Expositions, interventions des services maternit\u00e9s RHENA et SELESTAT-OBERNAI , Dr S\u00e9verine ROOS-BERNARD, animations, stands autour de l&rsquo;allaitement, de la parentalit\u00e9 et petite enfance, pour grands et petits ont eu lieu tout au long de la journ\u00e9e.\u00a0<\/p>\n<p><img decoding=\"async\" loading=\"lazy\" class=\"aligncenter\" src=\"http:\/\/action-allaitement67.fr\/wp-content\/uploads\/2024\/12\/20241019_125015-scaled-e1735554969949.jpg\" alt=\"\" width=\"390\" height=\"255\" \/><\/p>\n<\/div>\n<div class=\"art-layout-cell layout-item-4\" style=\"width: 100%;\">\n<h1 style=\"text-align: left;\"><span style=\"color: #993366; font-family: 'comic sans ms', sans-serif;\"><span style=\"caret-color: #993366;\">Venez d\u00e9couvrir les cl\u00e9s de l&rsquo;allaitement ! <\/span><\/span><\/h1>\n<p>Projection comment\u00e9e du diaporama\u00a0 : \u00ab\u00a0les cl\u00e9s de l&rsquo;allaitement de la 1\u00e8re t\u00e9t\u00e9e jusqu&rsquo;au sevrage\u00a0\u00bb.<\/p>\n<p>Rencontres ouvertes \u00e0 tous, gratuites et sans r\u00e9servation.<\/p>\n<p>Quand :\u00a0<strong> les\u00a0 lundi 11 mai et lundi 8 juin 2026 de 9h30 \u00e0 11h<\/strong><\/p>\n<p>Au Centre Socio Culturel de l&rsquo;A.R.E.S. Strasbourg- Esplanade<\/p>\n<p>10 rue d&rsquo;Ankara de 9h30 \u00e0 11h<\/p>\n<p>\u00a0Pour plus d&rsquo;information: 03 88 27 31 72\u00a0 Venez nombreux !<\/p>\n<h1 style=\"text-align: left;\"><span style=\"color: #993366; font-family: 'comic sans ms', sans-serif;\"><span style=\"caret-color: #993366;\">Les rendez-vous de l&rsquo;alimentation dans l&rsquo;Eurom\u00e9tropole<\/span><\/span><\/h1>\n<p>3 rencontres avec diaporama anim\u00e9es par ApA les 7, 10 et 13 Juin en matin\u00e9e<\/p>\n<p>&#8211; <strong>les samedis 06 et 13 juin<\/strong> 2026 en lien avec Le Labo des partenariats \u2013 Tour et jardin merveilleux du Schloessel<\/p>\n<p>Tour du Schloessel 33a rue de la Tour\u00a0 67200 Strasbourg<\/p>\n<p>Acc\u00e8s : parking rue de la Rothlach \/ Tram F arr\u00eat \u00ab Comtes \u00bb puis 5 mn \u00e0 pied par le parking de l\u2019Ehpad Emma\u00fcs Koenigshoffen<\/p>\n<p>&#8211;<strong> le mercredi 10 juin<\/strong> 2026 en lien avec l&rsquo; Association le LIENS &amp; EVS &amp; commune de Lipsheim<br \/>Espace Culturel et Sportif rue de la Croix\u00a0 67640 Lipsheim\u00a0 Parking sur place<\/p>\n<p>L\u2019inscription est souhait\u00e9e :<\/p>\n<p>&#8211; par SMS au 06.31.07.21.44<\/p>\n<p>&#8211; ou en laissant un message vocal au 03.88.27.31.72<\/p>\n<p>Venez nombreux !\u00a0<\/p>\n<p style=\"text-align: left;\"><strong><span style=\"text-decoration: underline;\"><span style=\"color: #0000ff; text-decoration: underline;\"><a style=\"color: #0000ff; text-decoration: underline;\" href=\"http:\/\/action-allaitement67.fr\/wp-content\/uploads\/2026\/05\/A5_PROG_RDV_alim_2026_web-1.pdf\">Les rdv de l&rsquo;alimentation<\/a>\u00a0<\/span><\/span> \u00a0 \u00a0 \u00a0 \u00a0 \u00a0 \u00a0<\/strong> \u00a0<\/p>\n<p style=\"text-align: left;\">\u00a0 \u00a0 \u00a0 \u00a0\u00a0<img decoding=\"async\" loading=\"lazy\" class=\"alignnone size-medium wp-image-2022\" src=\"http:\/\/action-allaitement67.fr\/wp-content\/uploads\/2026\/05\/RDA_Signature_Mail_RDA_600x200px_2026_72-300x100.jpg\" alt=\"\" width=\"300\" height=\"100\" srcset=\"https:\/\/action-allaitement67.fr\/wp-content\/uploads\/2026\/05\/RDA_Signature_Mail_RDA_600x200px_2026_72-300x100.jpg 300w, https:\/\/action-allaitement67.fr\/wp-content\/uploads\/2026\/05\/RDA_Signature_Mail_RDA_600x200px_2026_72.jpg 600w\" sizes=\"(max-width: 300px) 100vw, 300px\" \/><\/p>\n<\/div>\n<\/div>\n<div><span style=\"color: #fdb453; font-family: 'Comic Sans MS'; font-size: 24pt;\">Les avantages du lait maternel:<\/span><\/div>\n<\/div>\n<div class=\"art-content-layout layout-item-1\">\n<div class=\"art-content-layout-row\">\n<div class=\"art-layout-cell layout-item-4\" style=\"width: 100%;\">\n<p><img decoding=\"async\" loading=\"lazy\" class=\"alignnone\" style=\"float: left; margin-right: 10px;\" src=\"http:\/\/action-allaitement67.fr\/wp-content\/uploads\/2017\/07\/apa.png\" alt=\"Avantages du lait maternel avec Action pour l'allaitement\" width=\"256\" height=\"177\" \/><\/p>\n<p>\u2013 Il est, par nature, l\u2019aliment le plus adapt\u00e9 au d\u00e9veloppement du b\u00e9b\u00e9.<\/p>\n<p>\u2013 Sa composition varie au cours de la t\u00e9t\u00e9e, selon le moment de la journ\u00e9e et au fil des mois\u202f; il r\u00e9pond ainsi aux besoins du b\u00e9b\u00e9.<\/p>\n<p>\u2013 Il limite les risques d\u2019infection et d\u2019allergie.<\/p>\n<p>\u2013 Il est pratique, \u00e9conomique, toujours pr\u00eat \u00e0 l\u2019emploi et \u00e0 bonne temp\u00e9rature.<\/p>\n<p style=\"margin-bottom: 0.0001pt;\"><b><span style=\"background-color: white;\">Nous vous proposons donc un soutien \u00e0\u00a0l\u2019allaitement\u00a0:\u00a0<\/span><\/b><\/p>\n<ul>\n<li style=\"margin-bottom: 0.0001pt;\"><b><span style=\"background-color: white;\">Des lieux de\u00a0rencontres dans le Bas \u2013 Rhin<\/span><\/b><\/li>\n<li style=\"margin-bottom: 0.0001pt;\"><b><span style=\"background-color: white;\">Une permanence t\u00e9l\u00e9phonique anonyme\u00a0<\/span><\/b><span style=\"background-color: white;\">:\u00a0<a title=\"consulter notre agenda\" href=\"http:\/\/action-allaitement67.fr\/?page_id=106\">consulter l&rsquo;agenda mensuel sur cette page<\/a><br \/><\/span><\/li>\n<\/ul>\n<\/div>\n<div class=\"art-layout-cell layout-item-4\">\u00a0<\/div>\n<\/div>\n<\/div>\n<\/div>","protected":false},"excerpt":{"rendered":"<p>Vous attendez un b\u00e9b\u00e9 ? Nous contacter Vous allaitez ? Nous contacter Vous sevrez votre b\u00e9b\u00e9 ? Nous contacter Action pour l&rsquo;Allaitement a f\u00eat\u00e9 ses 40 ans en octobre 2024 Durant la S.M.A.M. (Semaine Mondiale de l&rsquo;Allaitement) au Centre Socio-culturel de l\u2019A.R.E.S \u00e0 Strasbourg (quartier de l\u2019Esplanade) Expositions, interventions des services maternit\u00e9s RHENA et SELESTAT-OBERNAI [&hellip;]<\/p>\n","protected":false},"author":1,"featured_media":0,"parent":0,"menu_order":1,"comment_status":"closed","ping_status":"closed","template":"","meta":{"footnotes":""},"_links":{"self":[{"href":"https:\/\/action-allaitement67.fr\/index.php?rest_route=\/wp\/v2\/pages\/101"}],"collection":[{"href":"https:\/\/action-allaitement67.fr\/index.php?rest_route=\/wp\/v2\/pages"}],"about":[{"href":"https:\/\/action-allaitement67.fr\/index.php?rest_route=\/wp\/v2\/types\/page"}],"author":[{"embeddable":true,"href":"https:\/\/action-allaitement67.fr\/index.php?rest_route=\/wp\/v2\/users\/1"}],"replies":[{"embeddable":true,"href":"https:\/\/action-allaitement67.fr\/index.php?rest_route=%2Fwp%2Fv2%2Fcomments&post=101"}],"version-history":[{"count":150,"href":"https:\/\/action-allaitement67.fr\/index.php?rest_route=\/wp\/v2\/pages\/101\/revisions"}],"predecessor-version":[{"id":2026,"href":"https:\/\/action-allaitement67.fr\/index.php?rest_route=\/wp\/v2\/pages\/101\/revisions\/2026"}],"wp:attachment":[{"href":"https:\/\/action-allaitement67.fr\/index.php?rest_route=%2Fwp%2Fv2%2Fmedia&parent=101"}],"curies":[{"name":"wp","href":"https:\/\/api.w.org\/{rel}","templated":true}]}}